{"id":26,"date":"2021-06-01T12:28:15","date_gmt":"2021-06-01T15:28:15","guid":{"rendered":"http:\/\/179.97.96.67\/?page_id=26"},"modified":"2022-03-21T15:54:45","modified_gmt":"2022-03-21T18:54:45","slug":"program","status":"publish","type":"page","link":"http:\/\/grss-isprs.udesc.br\/?page_id=26","title":{"rendered":"Program"},"content":{"rendered":"\n<figure class=\"wp-block-table is-style-stripes\"><table><thead><tr><th>N\u00ba<\/th><th class=\"has-text-align-center\" data-align=\"center\">Date<br>(D\/M)<\/th><th class=\"has-text-align-left\" data-align=\"left\">Event<\/th><th class=\"has-text-align-center\" data-align=\"center\">Time Brazil<br>(-3:00 GMT)<\/th><th class=\"has-text-align-center\" data-align=\"center\">Link<\/th><\/tr><\/thead><tbody><tr><td>01<\/td><td class=\"has-text-align-center\" data-align=\"center\">12\/08<\/td><td class=\"has-text-align-left\" data-align=\"left\"><strong>Webinar Title<\/strong>: (~1h30 duration): Reda\u00e7\u00e3o de Artigos Cient\u00edficos<br>(to be held in Portuguese only)<br>(A grava\u00e7\u00e3o da palestra n\u00e3o ficar\u00e1 dispon\u00edvel)<br>Speaker: Dr. Gilson Volpato (IGVEC, Brazil)<\/td><td class=\"has-text-align-center\" data-align=\"center\">18:30<\/td><td class=\"has-text-align-center\" data-align=\"center\"><\/td><\/tr><tr><td>02<\/td><td class=\"has-text-align-center\" data-align=\"center\">17\/08<\/td><td class=\"has-text-align-left\" data-align=\"left\"><strong>Round Table:<\/strong> (~1h30 duration) Atua\u00e7\u00e3o profissional das mulheres nas <br>Geoci\u00eancias e Sensoriamento Remoto: experi\u00eancias na <br>\u00e1rea acad\u00eamica e iniciativa privada <br>(to be held in Portuguese only)<br>Speakers:<br>Dr. Veraldo Liesenberg (UDESC)<br>Dr. Alessandra R. Gomes (INPE)<br>Dr. Rosa Correa (ITVale)<br>Dr. Ieda Sanches (INPE)<br>Ms. Shaila Moreira (RADAZ)<br>Ms. Iara Musse F\u00e9lix (SCCON Geospatial)<\/td><td class=\"has-text-align-center\" data-align=\"center\">15:30<\/td><td class=\"has-text-align-center\" data-align=\"center\"><a href=\"https:\/\/youtu.be\/HTOvFu3ip_c\" target=\"_blank\" rel=\"noreferrer noopener\"><img loading=\"lazy\" decoding=\"async\" width=\"80\" height=\"80\" class=\"wp-image-491\" style=\"width: 80px;\" src=\"http:\/\/grss-isprs.udesc.br\/wp-content\/uploads\/2022\/03\/Youtube.jpg\" alt=\"\"><\/a><\/td><\/tr><tr><td>03<\/td><td class=\"has-text-align-center\" data-align=\"center\">26\/08<\/td><td class=\"has-text-align-left\" data-align=\"left\"><strong>Webinar Title:<\/strong> (~1h30 duration)  The Remote Sensing Process and Dissemination <br>of Research Results (held in English)<br>Speaker: Dr. Qihao Weng (Hong Kong Polytechnic University &#8211; 20h00 [GMT +8])<\/td><td class=\"has-text-align-center\" data-align=\"center\">09:00<\/td><td class=\"has-text-align-center\" data-align=\"center\"><\/td><\/tr><tr><td>04<\/td><td class=\"has-text-align-center\" data-align=\"center\">09\/09<\/td><td class=\"has-text-align-left\" data-align=\"left\"><strong>Webinar Title<\/strong>: (~1h30 duration)  How to Write a Thesis <br>(held in English)<br>Speaker: Dr. Armin Gruen (ETH Zurich, Switzerland &#8211; 14h00 [GMT+1])<\/td><td class=\"has-text-align-center\" data-align=\"center\">09:00<\/td><td class=\"has-text-align-center\" data-align=\"center\"><a href=\"https:\/\/youtu.be\/Y1GYwJxYQeo\" target=\"_blank\" rel=\"noreferrer noopener\"><img loading=\"lazy\" decoding=\"async\" width=\"80\" height=\"80\" class=\"wp-image-491\" style=\"width: 80px;\" src=\"http:\/\/grss-isprs.udesc.br\/wp-content\/uploads\/2022\/03\/Youtube.jpg\" alt=\"\"><\/a><\/td><\/tr><tr><td>05<\/td><td class=\"has-text-align-center\" data-align=\"center\">16\/09<\/td><td class=\"has-text-align-left\" data-align=\"left\"><strong>Webinar Title<\/strong>: (~1h30 duration) Spatio-temporal analysis of wildland fire ignition <br>points using geostatistics and point pattern analysis techniques. <br>(held in English) <br>Speaker: Dr. Nikolaos Koutsias (University of Patras, Greece &#8211; 16h30 [GMT+3])<\/td><td class=\"has-text-align-center\" data-align=\"center\">10:30<\/td><td class=\"has-text-align-center\" data-align=\"center\"><a href=\"https:\/\/youtu.be\/0TODKR_R6Nc\" target=\"_blank\" rel=\"noreferrer noopener\"><img loading=\"lazy\" decoding=\"async\" width=\"80\" height=\"80\" class=\"wp-image-491\" style=\"width: 80px;\" src=\"http:\/\/grss-isprs.udesc.br\/wp-content\/uploads\/2022\/03\/Youtube.jpg\" alt=\"\"><\/a><\/td><\/tr><tr><td>06<\/td><td class=\"has-text-align-center\" data-align=\"center\">23\/09<\/td><td class=\"has-text-align-left\" data-align=\"left\"><strong>Webinar Title<\/strong>: (~1h30 duration) The Global Ecosystems Dynamics Investigation <br>(GEDI) mission: Concepts, methods and applications  <br>(held in English) <br>Speaker: Dr. Laura Duncanson (University of Maryland, USA &#8211; 08h00 [GMT-4])<\/td><td class=\"has-text-align-center\" data-align=\"center\">09:00<\/td><td class=\"has-text-align-center\" data-align=\"center\"><a href=\"https:\/\/youtu.be\/SPrpZ0TdGxY\" target=\"_blank\" rel=\"noreferrer noopener\"><img loading=\"lazy\" decoding=\"async\" width=\"80\" height=\"80\" class=\"wp-image-491\" style=\"width: 80px;\" src=\"http:\/\/grss-isprs.udesc.br\/wp-content\/uploads\/2022\/03\/Youtube.jpg\" alt=\"\"><\/a><\/td><\/tr><tr><td>07<\/td><td class=\"has-text-align-center\" data-align=\"center\">07\/10<\/td><td class=\"has-text-align-left\" data-align=\"left\"><strong>Webinar Title:<\/strong> (~1h30 duration) Change detection in the era of deep learning <br>(held in English)<br>Speaker: Dr. Davis Tuia (EPFL, Switzerland &#8211; 14h00 [GMT+1])<\/td><td class=\"has-text-align-center\" data-align=\"center\">09:00<\/td><td class=\"has-text-align-center\" data-align=\"center\"><a href=\"https:\/\/youtu.be\/ctEOcCjEnU8\" target=\"_blank\" rel=\"noreferrer noopener\"><img loading=\"lazy\" decoding=\"async\" width=\"80\" height=\"80\" class=\"wp-image-491\" style=\"width: 80px;\" src=\"http:\/\/grss-isprs.udesc.br\/wp-content\/uploads\/2022\/03\/Youtube.jpg\" alt=\"\"><\/a><\/td><\/tr><tr><td>08<\/td><td class=\"has-text-align-center\" data-align=\"center\">20\/10<br>and<br>21\/10<\/td><td class=\"has-text-align-left\" data-align=\"left\"> <strong>Hands-on Tutorial:<\/strong>  Introdu\u00e7\u00e3o a Plataforma de Modelagem Ambiental <br>&#8211; DINAMICA EGO<br>(held in Portuguese only) <br>20\/10  (09h &#8211; 11h30)  Part 1<br>20\/10  (13h &#8211; 15h30)  Part 2<br>21\/10  (09h &#8211; 11h30)  Part 3<br>21\/10  (13h &#8211; 15h30)  Part 4 <br>Speakers:<br>Mr. Argemiro Teixeira Leite Filho (UFMG)<br>Dr. Britaldo Silveira Soares Filho (UFMG)  <\/td><td class=\"has-text-align-center\" data-align=\"center\">09:00<br>and<br>13:00<\/td><td class=\"has-text-align-center\" data-align=\"center\"><a href=\"https:\/\/youtu.be\/Xn9jIDQjmsk\" target=\"_blank\" rel=\"noreferrer noopener\"><img loading=\"lazy\" decoding=\"async\" width=\"80\" height=\"80\" class=\"wp-image-491\" style=\"width: 80px;\" src=\"http:\/\/grss-isprs.udesc.br\/wp-content\/uploads\/2022\/03\/Youtube.jpg\" alt=\"\"><\/a><br><a href=\"https:\/\/youtu.be\/aOp-flkcshk\" target=\"_blank\" rel=\"noreferrer noopener\"><img loading=\"lazy\" decoding=\"async\" width=\"80\" height=\"80\" class=\"wp-image-491\" style=\"width: 80px;\" src=\"http:\/\/grss-isprs.udesc.br\/wp-content\/uploads\/2022\/03\/Youtube.jpg\" alt=\"\"><\/a><br><a href=\"https:\/\/youtu.be\/WA2uCYRx_g0\" target=\"_blank\" rel=\"noreferrer noopener\"><img loading=\"lazy\" decoding=\"async\" width=\"80\" height=\"80\" class=\"wp-image-491\" style=\"width: 80px;\" src=\"http:\/\/grss-isprs.udesc.br\/wp-content\/uploads\/2022\/03\/Youtube.jpg\" alt=\"\"><\/a><br><a href=\"https:\/\/youtu.be\/BSduNd5DbjE\" target=\"_blank\" rel=\"noreferrer noopener\"><img loading=\"lazy\" decoding=\"async\" width=\"80\" height=\"80\" class=\"wp-image-491\" style=\"width: 80px;\" src=\"http:\/\/grss-isprs.udesc.br\/wp-content\/uploads\/2022\/03\/Youtube.jpg\" alt=\"\"><\/a><\/td><\/tr><tr><td>09<\/td><td class=\"has-text-align-center\" data-align=\"center\">26\/10<\/td><td class=\"has-text-align-left\" data-align=\"left\"><strong>Round Table:<\/strong> (~2h00 duration) Agricultura de Precis\u00e3o na era da intelig\u00eancia artificial<br> (held in Portuguese only)<br>Speakers:<br>Dr. Ana Paula Marques Ramos (UNOESTE)<br>Dr. Carlos Antonio da Silva Junior (UNEMAT)<br>Dr. F\u00e1bio Henrique Rojo Baio (UFMS)<br>Dr. L\u00facio Andre de Castro Jorge (EMBRAPA)<br>Dr. Lucas Prado Osco (UNOESTE)<\/td><td class=\"has-text-align-center\" data-align=\"center\">18:30<\/td><td class=\"has-text-align-center\" data-align=\"center\"><a href=\"https:\/\/youtu.be\/YlwVuStDCCQ\" target=\"_blank\" rel=\"noreferrer noopener\"><img loading=\"lazy\" decoding=\"async\" width=\"80\" height=\"80\" class=\"wp-image-491\" style=\"width: 80px;\" src=\"http:\/\/grss-isprs.udesc.br\/wp-content\/uploads\/2022\/03\/Youtube.jpg\" alt=\"\"><\/a><\/td><\/tr><tr><td>10<\/td><td class=\"has-text-align-center\" data-align=\"center\">28\/10<br>and<br>04\/11<\/td><td class=\"has-text-align-left\" data-align=\"left\"><strong>Hands-on Tutorial:<\/strong> (held in English) <br>28\/10 (~3h00 duration) Introduction to Google Earth Engine with R language.<br>04\/11 (~3h00 duration) Deep Learning for Remote Sensing images with R language.<br>Speaker: Dr. Ricardo Dalagnol (INPE)<\/td><td class=\"has-text-align-center\" data-align=\"center\">09:00<\/td><td class=\"has-text-align-center\" data-align=\"center\"><a href=\"https:\/\/youtu.be\/4dEacMnomBk\" target=\"_blank\" rel=\"noreferrer noopener\"><img loading=\"lazy\" decoding=\"async\" width=\"80\" height=\"80\" class=\"wp-image-491\" style=\"width: 80px;\" src=\"http:\/\/grss-isprs.udesc.br\/wp-content\/uploads\/2022\/03\/Youtube.jpg\" alt=\"\"><\/a><br><a href=\"https:\/\/youtu.be\/pvLhuAaqSdI\" target=\"_blank\" rel=\"noreferrer noopener\"><img loading=\"lazy\" decoding=\"async\" width=\"80\" height=\"80\" class=\"wp-image-491\" style=\"width: 80px;\" src=\"http:\/\/grss-isprs.udesc.br\/wp-content\/uploads\/2022\/03\/Youtube.jpg\" alt=\"\"><\/a><\/td><\/tr><tr><td>11<\/td><td class=\"has-text-align-center\" data-align=\"center\"> 09\/11 <\/td><td class=\"has-text-align-left\" data-align=\"left\"> <strong>Webinar Title:<\/strong> (~1h30 duration) Geospatial analysis to mitigate the Human-Elephant <br>conflict in Southern Africa (held in English)<br>Speaker: Dr. Marguerite Madden (University of Georgia, USA &#8211; 15h00 [GMT-4])  <\/td><td class=\"has-text-align-center\" data-align=\"center\"> 14:00 <\/td><td class=\"has-text-align-center\" data-align=\"center\"><a href=\"https:\/\/youtu.be\/jKQIIm8MM6Q\" target=\"_blank\" rel=\"noreferrer noopener\"><img loading=\"lazy\" decoding=\"async\" width=\"80\" height=\"80\" class=\"wp-image-491\" style=\"width: 80px;\" src=\"http:\/\/grss-isprs.udesc.br\/wp-content\/uploads\/2022\/03\/Youtube.jpg\" alt=\"\"><\/a><\/td><\/tr><tr><td>12<\/td><td class=\"has-text-align-center\" data-align=\"center\">11\/11<\/td><td class=\"has-text-align-left\" data-align=\"left\"><strong>Webinar Title:<\/strong> (~2h00 duration) Mathematical morphology in processing and <br>analysis of the Digital Elevation Models (held in English)<br>Speaker: Dr. B. S. Daya Sagar (Indian Statistical Institute-Bangalore Centre,<br> India &#8211; 17h30 [GMT+5h30])<\/td><td class=\"has-text-align-center\" data-align=\"center\">09:00<\/td><td class=\"has-text-align-center\" data-align=\"center\"><a href=\"https:\/\/youtu.be\/nXbZiQW3tF0\" target=\"_blank\" rel=\"noreferrer noopener\"><img loading=\"lazy\" decoding=\"async\" width=\"80\" height=\"80\" class=\"wp-image-491\" style=\"width: 80px;\" src=\"http:\/\/grss-isprs.udesc.br\/wp-content\/uploads\/2022\/03\/Youtube.jpg\" alt=\"\"><\/a><\/td><\/tr><tr><td>13<\/td><td class=\"has-text-align-center\" data-align=\"center\">18\/11<\/td><td class=\"has-text-align-left\" data-align=\"left\"> <strong>Hands-on Tutorial:<\/strong>  (~2h00 duration) Global Vegetation Trend: A Multi-decade, <br>planetary coverage and analysis ready product  (held in English)  <br>Speaker: Dr. Leandro Parente (OpenGeoHub Foundation, Netherlands &#8211; <br>14h00 [GMT+2]) <\/td><td class=\"has-text-align-center\" data-align=\"center\"> 09:00 <\/td><td class=\"has-text-align-center\" data-align=\"center\"><a href=\"https:\/\/youtu.be\/_BrMD5bvSJI\" target=\"_blank\" rel=\"noreferrer noopener\"><img loading=\"lazy\" decoding=\"async\" width=\"80\" height=\"80\" class=\"wp-image-491\" style=\"width: 80px;\" src=\"http:\/\/grss-isprs.udesc.br\/wp-content\/uploads\/2022\/03\/Youtube.jpg\" alt=\"\"><\/a><\/td><\/tr><tr><td>14<\/td><td class=\"has-text-align-center\" data-align=\"center\">23\/11<\/td><td class=\"has-text-align-left\" data-align=\"left\"><strong>Webinar Title:<\/strong> (~1h30 duration) SAR, SAR polarimetry &amp; Multitemporal SAR Statistical <br>Description  (held in English) <br>Speaker: Dr. Carlos L\u00f3pez-Mart\u00ednez (Universitat Polit\u00e8cnica de Catalunya, Spain &#8211; <br>14h00 [GMT+2])<\/td><td class=\"has-text-align-center\" data-align=\"center\">10:00<\/td><td class=\"has-text-align-center\" data-align=\"center\"><a href=\"https:\/\/youtu.be\/neyw927rWwg\" target=\"_blank\" rel=\"noreferrer noopener\"><img loading=\"lazy\" decoding=\"async\" width=\"80\" height=\"80\" class=\"wp-image-491\" style=\"width: 80px;\" src=\"http:\/\/grss-isprs.udesc.br\/wp-content\/uploads\/2022\/03\/Youtube.jpg\" alt=\"\"><\/a><\/td><\/tr><tr><td>15<\/td><td class=\"has-text-align-center\" data-align=\"center\">15\/12<\/td><td class=\"has-text-align-left\" data-align=\"left\"><strong>(BONUS EVENT)<\/strong> <strong>Webinar Title:<\/strong> (~1h30 duration) Integra\u00e7\u00e3o de dados de VANT e <br>PlanetScope para a gera\u00e7\u00e3o de zonas de manejo em \u00e1reas agr\u00edcolas <br>(held in Portuguese)<br>Speaker: Dr. F\u00e1bio Marcelo Breunig (Federal University of Santa Maria &#8211; UFSM), Brazil<\/td><td class=\"has-text-align-center\" data-align=\"center\">18:30<\/td><td class=\"has-text-align-center\" data-align=\"center\"><a href=\"https:\/\/youtu.be\/KqPq9y-rSbc\" target=\"_blank\" rel=\"noreferrer noopener\"><img loading=\"lazy\" decoding=\"async\" width=\"80\" height=\"80\" class=\"wp-image-491\" style=\"width: 80px;\" src=\"http:\/\/grss-isprs.udesc.br\/wp-content\/uploads\/2022\/03\/Youtube.jpg\" alt=\"\"><\/a><\/td><\/tr><tr><td>16 <\/td><td class=\"has-text-align-center\" data-align=\"center\">16\/12<\/td><td class=\"has-text-align-left\" data-align=\"left\"><strong>Closing Ceremony (Firewall) (off-line video will be posted soon)<\/strong><\/td><td class=\"has-text-align-center\" data-align=\"center\"><\/td><td class=\"has-text-align-center\" data-align=\"center\"><\/td><\/tr><\/tbody><\/table><\/figure>\n","protected":false},"excerpt":{"rendered":"<p>N\u00ba Date(D\/M) Event Time Brazil(-3:00 GMT) Link 01 12\/08 Webinar Title: (~1h30 duration): Reda\u00e7\u00e3o de Artigos Cient\u00edficos(to be held in Portuguese only)(A grava\u00e7\u00e3o da palestra n\u00e3o ficar\u00e1 dispon\u00edvel)Speaker: Dr. Gilson Volpato (IGVEC, Brazil) 18:30 02 17\/08 Round Table: (~1h30 duration) Atua\u00e7\u00e3o profissional das mulheres nas Geoci\u00eancias e Sensoriamento Remoto: experi\u00eancias na \u00e1rea acad\u00eamica e iniciativa &hellip; <\/p>\n","protected":false},"author":1,"featured_media":0,"parent":0,"menu_order":0,"comment_status":"closed","ping_status":"closed","template":"","meta":{"footnotes":""},"class_list":["post-26","page","type-page","status-publish","hentry"],"_links":{"self":[{"href":"http:\/\/grss-isprs.udesc.br\/index.php?rest_route=\/wp\/v2\/pages\/26","targetHints":{"allow":["GET"]}}],"collection":[{"href":"http:\/\/grss-isprs.udesc.br\/index.php?rest_route=\/wp\/v2\/pages"}],"about":[{"href":"http:\/\/grss-isprs.udesc.br\/index.php?rest_route=\/wp\/v2\/types\/page"}],"author":[{"embeddable":true,"href":"http:\/\/grss-isprs.udesc.br\/index.php?rest_route=\/wp\/v2\/users\/1"}],"replies":[{"embeddable":true,"href":"http:\/\/grss-isprs.udesc.br\/index.php?rest_route=%2Fwp%2Fv2%2Fcomments&post=26"}],"version-history":[{"count":128,"href":"http:\/\/grss-isprs.udesc.br\/index.php?rest_route=\/wp\/v2\/pages\/26\/revisions"}],"predecessor-version":[{"id":517,"href":"http:\/\/grss-isprs.udesc.br\/index.php?rest_route=\/wp\/v2\/pages\/26\/revisions\/517"}],"wp:attachment":[{"href":"http:\/\/grss-isprs.udesc.br\/index.php?rest_route=%2Fwp%2Fv2%2Fmedia&parent=26"}],"curies":[{"name":"wp","href":"https:\/\/api.w.org\/{rel}","templated":true}]}}